{"id":18196,"date":"2022-04-16T23:51:28","date_gmt":"2022-04-16T20:51:28","guid":{"rendered":"https:\/\/castleviewapartments.gr\/about\/"},"modified":"2025-05-23T13:14:13","modified_gmt":"2025-05-23T10:14:13","slug":"about","status":"publish","type":"page","link":"https:\/\/castleviewapartments.gr\/de\/about\/","title":{"rendered":"\u00dcber uns"},"content":{"rendered":"\t\t<div data-elementor-type=\"wp-page\" data-elementor-id=\"18196\" class=\"elementor elementor-18196 elementor-807\">\n\t\t\t\t<div class=\"elementor-element elementor-element-4e034650 e-flex e-con-boxed e-con e-parent\" data-id=\"4e034650\" data-element_type=\"container\" data-e-type=\"container\" data-settings=\"{&quot;background_background&quot;:&quot;classic&quot;}\">\n\t\t\t\t\t<div class=\"e-con-inner\">\n\t\t\t\t<div class=\"elementor-element elementor-element-5938c517 elementor-invisible elementor-widget elementor-widget-image\" data-id=\"5938c517\" data-element_type=\"widget\" data-e-type=\"widget\" data-settings=\"{&quot;_animation&quot;:&quot;fadeInUp&quot;}\" data-widget_type=\"image.default\">\n\t\t\t\t<div class=\"elementor-widget-container\">\n\t\t\t\t\t\t\t\t\t\t\t\t\t\t\t<img fetchpriority=\"high\" decoding=\"async\" width=\"700\" height=\"201\" src=\"https:\/\/castleviewapartments.gr\/wp-content\/uploads\/2025\/04\/logo_CastleViewApartments.png\" class=\"attachment-full size-full wp-image-17993\" alt=\"\" srcset=\"https:\/\/castleviewapartments.gr\/wp-content\/uploads\/2025\/04\/logo_CastleViewApartments.png 700w, https:\/\/castleviewapartments.gr\/wp-content\/uploads\/2025\/04\/logo_CastleViewApartments-768x220.png 768w\" sizes=\"(max-width: 700px) 100vw, 700px\" \/>\t\t\t\t\t\t\t\t\t\t\t\t\t\t\t<\/div>\n\t\t\t\t<\/div>\n\t\t\t\t\t<\/div>\n\t\t\t\t<\/div>\n\t\t<div class=\"elementor-element elementor-element-1675ad58 e-flex e-con-boxed e-con e-parent\" data-id=\"1675ad58\" data-element_type=\"container\" data-e-type=\"container\">\n\t\t\t\t\t<div class=\"e-con-inner\">\n\t\t<div class=\"elementor-element elementor-element-42b1ae46 e-con-full e-flex e-con e-child\" data-id=\"42b1ae46\" data-element_type=\"container\" data-e-type=\"container\">\n\t\t\t\t<div class=\"elementor-element elementor-element-2ed9442f st-overflow-hidden st-border-radius-8 animated-slow elementor-invisible elementor-widget elementor-widget-image\" data-id=\"2ed9442f\" data-element_type=\"widget\" data-e-type=\"widget\" data-settings=\"{&quot;_animation&quot;:&quot;fadeInLeft&quot;}\" data-widget_type=\"image.default\">\n\t\t\t\t<div class=\"elementor-widget-container\">\n\t\t\t\t\t\t\t\t\t\t\t\t\t\t\t<img decoding=\"async\" width=\"615\" height=\"900\" src=\"https:\/\/castleviewapartments.gr\/wp-content\/uploads\/2025\/04\/cva_balkoni.jpg\" class=\"elementor-animation-grow attachment-full size-full wp-image-18003\" alt=\"\" srcset=\"https:\/\/castleviewapartments.gr\/wp-content\/uploads\/2025\/04\/cva_balkoni.jpg 615w, https:\/\/castleviewapartments.gr\/wp-content\/uploads\/2025\/04\/cva_balkoni-768x1123.jpg 768w\" sizes=\"(max-width: 615px) 100vw, 615px\" \/>\t\t\t\t\t\t\t\t\t\t\t\t\t\t\t<\/div>\n\t\t\t\t<\/div>\n\t\t\t\t<\/div>\n\t\t<div class=\"elementor-element elementor-element-5679c54b e-con-full elementor-hidden-tablet elementor-hidden-mobile e-flex e-con e-child\" data-id=\"5679c54b\" data-element_type=\"container\" data-e-type=\"container\">\n\t\t\t\t<\/div>\n\t\t<div class=\"elementor-element elementor-element-32923e01 e-con-full e-flex elementor-invisible e-con e-child\" data-id=\"32923e01\" data-element_type=\"container\" data-e-type=\"container\" data-settings=\"{&quot;animation&quot;:&quot;fadeInRight&quot;}\">\n\t\t\t\t<div class=\"elementor-element elementor-element-7e7ac8d7 animated-slow elementor-invisible elementor-widget elementor-widget-heading\" data-id=\"7e7ac8d7\" data-element_type=\"widget\" data-e-type=\"widget\" data-settings=\"{&quot;_animation&quot;:&quot;fadeIn&quot;,&quot;_animation_delay&quot;:100}\" data-widget_type=\"heading.default\">\n\t\t\t\t<div class=\"elementor-widget-container\">\n\t\t\t\t\t<h3 class=\"elementor-heading-title elementor-size-default\">Ein wenig \u00fcber uns<\/h3>\t\t\t\t<\/div>\n\t\t\t\t<\/div>\n\t\t\t\t<div class=\"elementor-element elementor-element-1f05b511 elementor-widget__width-initial elementor-invisible elementor-widget elementor-widget-text-editor\" data-id=\"1f05b511\" data-element_type=\"widget\" data-e-type=\"widget\" data-settings=\"{&quot;_animation&quot;:&quot;fadeIn&quot;,&quot;_animation_delay&quot;:200}\" data-widget_type=\"text-editor.default\">\n\t\t\t\t<div class=\"elementor-widget-container\">\n\t\t\t\t\t\t\t\t\t<p>Die <strong>Castle View Apartments<\/strong> sind ein bezauberndes Refugium im Herzen von Myrina auf Lemnos. Nur wenige Schritte vom historischen Schloss der Insel und den malerischen Str\u00e4nden entfernt, bieten wir eine Reihe von Unterk\u00fcnften, die auf die Bed\u00fcrfnisse jedes Reisenden zugeschnitten sind. <\/p><p>W\u00e4hlen Sie zwischen unseren <strong>gem\u00fctlichen Studios<\/strong>, malerischen <strong>Studios mit Schlossblick<\/strong>, eleganten <strong>Lofts mit Schlossblick<\/strong> vom Balkon oder ger\u00e4umigen <strong>Apartments mit zwei Schlafzimmern<\/strong>. Jedes unserer Unterk\u00fcnfte wurde mit viel Liebe zum Detail gestaltet, um Komfort und Stil zu vereinen.  <\/p><p>Alle unsere Apartments verf\u00fcgen \u00fcber <strong>kostenloses WiFi, Klimaanlage und voll ausgestattete K\u00fcchenzeilen<\/strong>, damit Ihr Aufenthalt so angenehm und unbeschwert wie m\u00f6glich wird. Ob f\u00fcr einen kurzen Urlaub oder eine l\u00e4ngere Auszeit \u2013 die Castle View Apartments sind der ideale Ausgangspunkt, um die Sch\u00f6nheit und den Charme von Lemnos zu entdecken. <\/p>\t\t\t\t\t\t\t\t<\/div>\n\t\t\t\t<\/div>\n\t\t\t\t<\/div>\n\t\t\t\t\t<\/div>\n\t\t\t\t<\/div>\n\t\t<div class=\"elementor-element elementor-element-499e4119 e-flex e-con-boxed e-con e-parent\" data-id=\"499e4119\" data-element_type=\"container\" data-e-type=\"container\">\n\t\t\t\t\t<div class=\"e-con-inner\">\n\t\t<div class=\"elementor-element elementor-element-2c4418a2 e-con-full e-flex elementor-invisible e-con e-child\" data-id=\"2c4418a2\" data-element_type=\"container\" data-e-type=\"container\" data-settings=\"{&quot;animation&quot;:&quot;fadeInLeft&quot;}\">\n\t\t\t\t<div class=\"elementor-element elementor-element-3861b0e elementor-invisible elementor-widget elementor-widget-heading\" data-id=\"3861b0e\" data-element_type=\"widget\" data-e-type=\"widget\" data-settings=\"{&quot;_animation&quot;:&quot;fadeIn&quot;}\" data-widget_type=\"heading.default\">\n\t\t\t\t<div class=\"elementor-widget-container\">\n\t\t\t\t\t<h3 class=\"elementor-heading-title elementor-size-default\">Unsere wichtigsten Missionen<\/h3>\t\t\t\t<\/div>\n\t\t\t\t<\/div>\n\t\t\t\t<div class=\"elementor-element elementor-element-1affcc5e animated-slow elementor-invisible elementor-widget elementor-widget-text-editor\" data-id=\"1affcc5e\" data-element_type=\"widget\" data-e-type=\"widget\" data-settings=\"{&quot;_animation&quot;:&quot;fadeIn&quot;,&quot;_animation_delay&quot;:200}\" data-widget_type=\"text-editor.default\">\n\t\t\t\t<div class=\"elementor-widget-container\">\n\t\t\t\t\t\t\t\t\t<p>Bei <strong>Castle View Apartments<\/strong> ist es unsere Mission, eine <strong>ruhige und einladende Oase<\/strong> zu schaffen, in der sich jeder Gast wie zu Hause f\u00fchlt. Jedes Apartment ist mit viel Liebe zum Detail gestaltet, um <strong>Komfort, Stil und Funktionalit\u00e4t <\/strong>zu vereinen und einen entspannten sowie angenehmen Aufenthalt zu garantieren. <\/p><p>Wir sind bestrebt, <strong>au\u00dfergew\u00f6hnliche Gastfreundschaft <\/strong>zu bieten \u2013 von der Pflege makelloser, moderner R\u00e4ume bis hin zu einem pers\u00f6nlichen Service, der auf Ihre Bed\u00fcrfnisse abgestimmt ist. Unser Ziel ist es, Ihren Aufenthalt m\u00fchelos, entspannend und unvergesslich zu gestalten. <\/p><p>Mit einer<strong> erstklassigen Lage in der N\u00e4he des historischen Schlosses<\/strong> von Myrina, malerischer Str\u00e4nde und der lebendigen lokalen Kultur ist das <strong>Castle View Apartments <\/strong>der perfekte Ausgangspunkt, um die Sch\u00f6nheit und den Charme von Lemnos zu entdecken.<\/p>\t\t\t\t\t\t\t\t<\/div>\n\t\t\t\t<\/div>\n\t\t\t\t<\/div>\n\t\t<div class=\"elementor-element elementor-element-15537550 e-con-full elementor-hidden-tablet elementor-hidden-mobile e-flex e-con e-child\" data-id=\"15537550\" data-element_type=\"container\" data-e-type=\"container\">\n\t\t\t\t<\/div>\n\t\t<div class=\"elementor-element elementor-element-19684d4e e-con-full e-flex e-con e-child\" data-id=\"19684d4e\" data-element_type=\"container\" data-e-type=\"container\">\n\t\t\t\t<div class=\"elementor-element elementor-element-5826d606 st-overflow-hidden st-border-radius-8 elementor-invisible elementor-widget elementor-widget-image\" data-id=\"5826d606\" data-element_type=\"widget\" data-e-type=\"widget\" data-settings=\"{&quot;_animation&quot;:&quot;fadeInRight&quot;,&quot;_animation_delay&quot;:0}\" data-widget_type=\"image.default\">\n\t\t\t\t<div class=\"elementor-widget-container\">\n\t\t\t\t\t\t\t\t\t\t\t\t\t\t\t<img decoding=\"async\" width=\"845\" height=\"1100\" src=\"https:\/\/castleviewapartments.gr\/wp-content\/uploads\/2025\/04\/CastleViewApartments-Myrina.jpg\" class=\"elementor-animation-grow attachment-full size-full wp-image-17939\" alt=\"\" srcset=\"https:\/\/castleviewapartments.gr\/wp-content\/uploads\/2025\/04\/CastleViewApartments-Myrina.jpg 845w, https:\/\/castleviewapartments.gr\/wp-content\/uploads\/2025\/04\/CastleViewApartments-Myrina-768x999.jpg 768w\" sizes=\"(max-width: 845px) 100vw, 845px\" \/>\t\t\t\t\t\t\t\t\t\t\t\t\t\t\t<\/div>\n\t\t\t\t<\/div>\n\t\t\t\t<\/div>\n\t\t\t\t\t<\/div>\n\t\t\t\t<\/div>\n\t\t<div class=\"elementor-element elementor-element-3edba74 e-flex e-con-boxed e-con e-parent\" data-id=\"3edba74\" data-element_type=\"container\" data-e-type=\"container\">\n\t\t\t\t\t<div class=\"e-con-inner\">\n\t\t<div class=\"elementor-element elementor-element-16ef80c e-con-full e-flex e-con e-child\" data-id=\"16ef80c\" data-element_type=\"container\" data-e-type=\"container\">\n\t\t\t\t<div class=\"elementor-element elementor-element-7edc7a5 st-overflow-hidden st-border-radius-8 animated-slow elementor-invisible elementor-widget elementor-widget-image\" data-id=\"7edc7a5\" data-element_type=\"widget\" data-e-type=\"widget\" data-settings=\"{&quot;_animation&quot;:&quot;fadeInLeft&quot;}\" data-widget_type=\"image.default\">\n\t\t\t\t<div class=\"elementor-widget-container\">\n\t\t\t\t\t\t\t\t\t\t\t\t\t\t\t<img loading=\"lazy\" decoding=\"async\" width=\"700\" height=\"900\" src=\"https:\/\/castleviewapartments.gr\/wp-content\/uploads\/2025\/04\/CastleViewApartments_Myrina_lemnos.jpg\" class=\"elementor-animation-grow attachment-full size-full wp-image-18005\" alt=\"\" srcset=\"https:\/\/castleviewapartments.gr\/wp-content\/uploads\/2025\/04\/CastleViewApartments_Myrina_lemnos.jpg 700w, https:\/\/castleviewapartments.gr\/wp-content\/uploads\/2025\/04\/CastleViewApartments_Myrina_lemnos-768x987.jpg 768w\" sizes=\"(max-width: 700px) 100vw, 700px\" \/>\t\t\t\t\t\t\t\t\t\t\t\t\t\t\t<\/div>\n\t\t\t\t<\/div>\n\t\t\t\t<\/div>\n\t\t<div class=\"elementor-element elementor-element-fd11eef e-con-full elementor-hidden-tablet elementor-hidden-mobile e-flex e-con e-child\" data-id=\"fd11eef\" data-element_type=\"container\" data-e-type=\"container\">\n\t\t\t\t<\/div>\n\t\t<div class=\"elementor-element elementor-element-4adb47d e-con-full e-flex elementor-invisible e-con e-child\" data-id=\"4adb47d\" data-element_type=\"container\" data-e-type=\"container\" data-settings=\"{&quot;animation&quot;:&quot;fadeInRight&quot;}\">\n\t\t\t\t<div class=\"elementor-element elementor-element-cdc06ff animated-slow elementor-invisible elementor-widget elementor-widget-heading\" data-id=\"cdc06ff\" data-element_type=\"widget\" data-e-type=\"widget\" data-settings=\"{&quot;_animation&quot;:&quot;fadeIn&quot;,&quot;_animation_delay&quot;:100}\" data-widget_type=\"heading.default\">\n\t\t\t\t<div class=\"elementor-widget-container\">\n\t\t\t\t\t<h3 class=\"elementor-heading-title elementor-size-default\">Durchdachte Gastfreundschaft<\/h3>\t\t\t\t<\/div>\n\t\t\t\t<\/div>\n\t\t\t\t<div class=\"elementor-element elementor-element-6be85217 elementor-invisible elementor-widget elementor-widget-text-editor\" data-id=\"6be85217\" data-element_type=\"widget\" data-e-type=\"widget\" data-settings=\"{&quot;_animation&quot;:&quot;fadeIn&quot;}\" data-widget_type=\"text-editor.default\">\n\t\t\t\t<div class=\"elementor-widget-container\">\n\t\t\t\t\t\t\t\t\t<p>Unsere Herangehensweise ist darauf ausgerichtet, jedem Gast ein <strong>nahtloses <\/strong>und <strong>angenehmes Erlebnis<\/strong> zu bieten. Von <strong>gut gepflegten, modernen Unterk\u00fcnften bis hin zu aufmerksamem Service<\/strong> \u2013 wir gehen auf Ihre Bed\u00fcrfnisse mit Sorgfalt und Pr\u00e4zision ein. <\/p><p>Unser Ziel ist es, Ihre <strong>Erwartungen zu \u00fcbertreffen und sicherzustellen<\/strong>, dass Ihr Aufenthalt im <strong>Castle View Apartments<\/strong> stressfrei, komfortabel und unvergesslich wird. Egal, ob Sie Entspannung, Abenteuer oder eine Kombination aus beidem suchen, wir sind hier, um Ihre Zeit auf <strong>Lemnos wirklich unvergesslich<\/strong> zu machen. <\/p>\t\t\t\t\t\t\t\t<\/div>\n\t\t\t\t<\/div>\n\t\t\t\t<\/div>\n\t\t\t\t\t<\/div>\n\t\t\t\t<\/div>\n\t\t<div class=\"elementor-element elementor-element-1df117d1 e-flex e-con-boxed elementor-invisible e-con e-parent\" data-id=\"1df117d1\" data-element_type=\"container\" data-e-type=\"container\" data-settings=\"{&quot;background_background&quot;:&quot;classic&quot;,&quot;animation&quot;:&quot;fadeIn&quot;}\">\n\t\t\t\t\t<div class=\"e-con-inner\">\n\t\t<div class=\"elementor-element elementor-element-10d4bfae e-flex e-con-boxed e-con e-child\" data-id=\"10d4bfae\" data-element_type=\"container\" data-e-type=\"container\">\n\t\t\t\t\t<div class=\"e-con-inner\">\n\t\t\t\t<div class=\"elementor-element elementor-element-5a52d69d elementor-widget__width-initial animated-slow elementor-invisible elementor-widget elementor-widget-heading\" data-id=\"5a52d69d\" data-element_type=\"widget\" data-e-type=\"widget\" data-settings=\"{&quot;_animation&quot;:&quot;fadeIn&quot;}\" data-widget_type=\"heading.default\">\n\t\t\t\t<div class=\"elementor-widget-container\">\n\t\t\t\t\t<h2 class=\"elementor-heading-title elementor-size-default\">Interessiert an unseren Dienstleistungen?<\/h2>\t\t\t\t<\/div>\n\t\t\t\t<\/div>\n\t\t\t\t\t<\/div>\n\t\t\t\t<\/div>\n\t\t<div class=\"elementor-element elementor-element-648f04e4 e-flex e-con-boxed e-con e-child\" data-id=\"648f04e4\" data-element_type=\"container\" data-e-type=\"container\">\n\t\t\t\t\t<div class=\"e-con-inner\">\n\t\t\t\t<div class=\"elementor-element elementor-element-6261666d elementor-widget__width-initial elementor-widget-tablet__width-inherit animated-slow elementor-invisible elementor-widget elementor-widget-text-editor\" data-id=\"6261666d\" data-element_type=\"widget\" data-e-type=\"widget\" data-settings=\"{&quot;_animation&quot;:&quot;fadeIn&quot;}\" data-widget_type=\"text-editor.default\">\n\t\t\t\t<div class=\"elementor-widget-container\">\n\t\t\t\t\t\t\t\t\t<p>Kontaktieren Sie uns noch heute und beginnen Sie mit der Planung Ihres perfekten Aufenthalts.<\/p>\t\t\t\t\t\t\t\t<\/div>\n\t\t\t\t<\/div>\n\t\t\t\t<div class=\"elementor-element elementor-element-b653d18 elementor-align-center animated-slow elementor-invisible elementor-widget elementor-widget-button\" data-id=\"b653d18\" data-element_type=\"widget\" data-e-type=\"widget\" data-settings=\"{&quot;_animation&quot;:&quot;fadeIn&quot;}\" data-widget_type=\"button.default\">\n\t\t\t\t<div class=\"elementor-widget-container\">\n\t\t\t\t\t\t\t\t\t<div class=\"elementor-button-wrapper\">\n\t\t\t\t\t<a class=\"elementor-button elementor-button-link elementor-size-md\" href=\"https:\/\/castleviewapartments.gr\/de\/contact\/\">\n\t\t\t\t\t\t<span class=\"elementor-button-content-wrapper\">\n\t\t\t\t\t\t\t\t\t<span class=\"elementor-button-text\">Kontakt<\/span>\n\t\t\t\t\t<\/span>\n\t\t\t\t\t<\/a>\n\t\t\t\t<\/div>\n\t\t\t\t\t\t\t\t<\/div>\n\t\t\t\t<\/div>\n\t\t\t\t\t<\/div>\n\t\t\t\t<\/div>\n\t\t\t\t\t<\/div>\n\t\t\t\t<\/div>\n\t\t\t\t<\/div>\n\t\t","protected":false},"excerpt":{"rendered":"<p>Ein wenig \u00fcber uns Die Castle View Apartments sind ein bezauberndes Refugium im Herzen von Myrina auf Lemnos. Nur wenige Schritte vom historischen Schloss der Insel und den malerischen Str\u00e4nden entfernt, bieten wir eine Reihe von Unterk\u00fcnften, die auf die Bed\u00fcrfnisse jedes Reisenden zugeschnitten sind. W\u00e4hlen Sie zwischen unseren gem\u00fctlichen Studios, malerischen Studios mit Schlossblick, [&hellip;]<\/p>\n","protected":false},"author":1,"featured_media":0,"parent":0,"menu_order":0,"comment_status":"closed","ping_status":"closed","template":"template-blank.php","meta":{"footnotes":""},"class_list":["post-18196","page","type-page","status-publish","has-post-thumbnail","hentry"],"_links":{"self":[{"href":"https:\/\/castleviewapartments.gr\/de\/wp-json\/wp\/v2\/pages\/18196","targetHints":{"allow":["GET"]}}],"collection":[{"href":"https:\/\/castleviewapartments.gr\/de\/wp-json\/wp\/v2\/pages"}],"about":[{"href":"https:\/\/castleviewapartments.gr\/de\/wp-json\/wp\/v2\/types\/page"}],"author":[{"embeddable":true,"href":"https:\/\/castleviewapartments.gr\/de\/wp-json\/wp\/v2\/users\/1"}],"replies":[{"embeddable":true,"href":"https:\/\/castleviewapartments.gr\/de\/wp-json\/wp\/v2\/comments?post=18196"}],"version-history":[{"count":0,"href":"https:\/\/castleviewapartments.gr\/de\/wp-json\/wp\/v2\/pages\/18196\/revisions"}],"wp:attachment":[{"href":"https:\/\/castleviewapartments.gr\/de\/wp-json\/wp\/v2\/media?parent=18196"}],"curies":[{"name":"wp","href":"https:\/\/api.w.org\/{rel}","templated":true}]}}