{"id":18192,"date":"2022-12-14T08:18:20","date_gmt":"2022-12-14T08:18:20","guid":{"rendered":"https:\/\/castleviewapartments.gr\/reservation\/"},"modified":"2025-05-23T13:25:09","modified_gmt":"2025-05-23T10:25:09","slug":"reservation","status":"publish","type":"page","link":"https:\/\/castleviewapartments.gr\/de\/reservation\/","title":{"rendered":"Reservierung"},"content":{"rendered":"\t\t<div data-elementor-type=\"wp-page\" data-elementor-id=\"18192\" class=\"elementor elementor-18192 elementor-14553\">\n\t\t\t\t<div class=\"elementor-element elementor-element-2e8c1ca0 e-flex e-con-boxed e-con e-parent\" data-id=\"2e8c1ca0\" data-element_type=\"container\" data-e-type=\"container\" data-settings=\"{&quot;background_background&quot;:&quot;classic&quot;}\">\n\t\t\t\t\t<div class=\"e-con-inner\">\n\t\t<div class=\"elementor-element elementor-element-17ce4db8 e-flex e-con-boxed e-con e-child\" data-id=\"17ce4db8\" data-element_type=\"container\" data-e-type=\"container\">\n\t\t\t\t\t<div class=\"e-con-inner\">\n\t\t\t\t<div class=\"elementor-element elementor-element-42f97747 animated-slow elementor-invisible elementor-widget elementor-widget-heading\" data-id=\"42f97747\" data-element_type=\"widget\" data-e-type=\"widget\" data-settings=\"{&quot;_animation&quot;:&quot;fadeIn&quot;,&quot;_animation_delay&quot;:0}\" data-widget_type=\"heading.default\">\n\t\t\t\t<div class=\"elementor-widget-container\">\n\t\t\t\t\t<h1 class=\"elementor-heading-title elementor-size-default\">Reservierung<\/h1>\t\t\t\t<\/div>\n\t\t\t\t<\/div>\n\t\t\t\t\t<\/div>\n\t\t\t\t<\/div>\n\t\t<div class=\"elementor-element elementor-element-2c7e14ef e-flex e-con-boxed e-con e-child\" data-id=\"2c7e14ef\" data-element_type=\"container\" data-e-type=\"container\">\n\t\t\t\t\t<div class=\"e-con-inner\">\n\t\t\t\t<div class=\"elementor-element elementor-element-8ab0f61 animated-slow elementor-invisible elementor-widget elementor-widget-st_search_agency\" data-id=\"8ab0f61\" data-element_type=\"widget\" data-e-type=\"widget\" data-settings=\"{&quot;_animation&quot;:&quot;fadeIn&quot;,&quot;type&quot;:&quot;search_room&quot;,&quot;layout&quot;:&quot;style1&quot;}\" data-widget_type=\"st_search_agency.default\">\n\t\t\t\t<div class=\"elementor-widget-container\">\n\t\t\t\t\t<div class=\"st-search-form-el st_search_room st-border-radius style1\">\r\n    <div class=\"st-search-el \">\r\n                <div class=\"search-form  st-border-radius\" id=\"sticky-nav\">\r\n            <form action=\"https:\/\/castleviewapartments.gr\/reservation\/\" class=\"form\" method=\"get\">\r\n                <div class=\"row\">\r\n                                                                            <div class=\"col-12 col-sm-6 col-md-4 col-lg-4\">\r\n                                    <div class=\"form-group form-date-field form-date-search d-flex align-items-center has-icon \" data-format=\"DD\/MM\/YYYY\">\r\n                <svg width=\"24\" height=\"25\" viewBox=\"0 0 24 25\" fill=\"none\" xmlns=\"http:\/\/www.w3.org\/2000\/svg\">\r\n            <path d=\"M21 2.5H18V0.5H16V2.5H8V0.5H6V2.5H3C2.20435 2.5 1.44129 2.81607 0.87868 3.37868C0.31607 3.94129 0 4.70435 0 5.5L0 24.5H24V5.5C24 4.70435 23.6839 3.94129 23.1213 3.37868C22.5587 2.81607 21.7956 2.5 21 2.5ZM2 5.5C2 5.23478 2.10536 4.98043 2.29289 4.79289C2.48043 4.60536 2.73478 4.5 3 4.5H21C21.2652 4.5 21.5196 4.60536 21.7071 4.79289C21.8946 4.98043 22 5.23478 22 5.5V8.5H2V5.5ZM2 22.5V10.5H22V22.5H2Z\" fill=\"#7B7B7B\"\/>\r\n            <path d=\"M17 13.5H15V15.5H17V13.5Z\" fill=\"#7B7B7B\"\/>\r\n            <path d=\"M13 13.5H11V15.5H13V13.5Z\" fill=\"#7B7B7B\"\/>\r\n            <path d=\"M9 13.5H7V15.5H9V13.5Z\" fill=\"#7B7B7B\"\/>\r\n            <path d=\"M17 17.5H15V19.5H17V17.5Z\" fill=\"#7B7B7B\"\/>\r\n            <path d=\"M13 17.5H11V19.5H13V17.5Z\" fill=\"#7B7B7B\"\/>\r\n            <path d=\"M9 17.5H7V19.5H9V17.5Z\" fill=\"#7B7B7B\"\/>\r\n            <\/svg>\r\n        <div class=\"date-wrapper\">\r\n        <div class=\"check-in-wrapper\">\r\n            <label>Ankunft - Abreise<\/label>\r\n            <div class=\"render check-in-render\">dd\/mm\/yyyy<\/div><span> - <\/span><div class=\"render check-out-render\">dd\/mm\/yyyy<\/div>\r\n        <\/div>\r\n    <\/div>\r\n    <input type=\"hidden\" class=\"check-in-input\" value=\"\" name=\"check_in\">\r\n    <input type=\"hidden\" class=\"check-out-input\" value=\"\" name=\"check_out\">\r\n    <input type=\"text\" class=\"check-in-out\" value=\"29\/04\/2026 05:35 am-30\/04\/2026 05:35 am\" name=\"date\">\r\n<\/div>                            <\/div>\r\n                            <div class=\"col-12 col-sm-6 col-md-4 col-lg-4\">\r\n                                    <div class=\"field-guest form-group\">\r\n    <div class=\"form-extra-field dropdown dropdown-toggle  has-icon \" id=\"dropdown-1\" role=\"menu\" data-bs-toggle=\"dropdown\" data-bs-auto-close=\"outside\" aria-expanded=\"false\">\r\n                        <svg width=\"24\" height=\"25\" viewBox=\"0 0 24 25\" fill=\"none\" xmlns=\"http:\/\/www.w3.org\/2000\/svg\">\r\n                <g clip-path=\"url(#clip0_182_5652)\">\r\n                <path d=\"M7.5 13.5C6.60998 13.5 5.73995 13.2361 4.99993 12.7416C4.25991 12.2472 3.68314 11.5443 3.34254 10.7221C3.00195 9.89981 2.91283 8.99501 3.08647 8.1221C3.2601 7.24918 3.68868 6.44736 4.31802 5.81802C4.94736 5.18869 5.74918 4.7601 6.62209 4.58647C7.49501 4.41284 8.39981 4.50195 9.22208 4.84254C10.0443 5.18314 10.7471 5.75991 11.2416 6.49994C11.7361 7.23996 12 8.10999 12 9C11.9987 10.1931 11.5241 11.3369 10.6805 12.1805C9.83689 13.0241 8.69307 13.4987 7.5 13.5ZM7.5 6.5C7.00555 6.5 6.5222 6.64663 6.11107 6.92133C5.69995 7.19603 5.37952 7.58648 5.1903 8.04329C5.00108 8.50011 4.95157 9.00278 5.04804 9.48773C5.1445 9.97268 5.3826 10.4181 5.73223 10.7678C6.08186 11.1174 6.52732 11.3555 7.01227 11.452C7.49723 11.5484 7.99989 11.4989 8.45671 11.3097C8.91352 11.1205 9.30397 10.8001 9.57867 10.3889C9.85338 9.97781 10 9.49446 10 9C10 8.33696 9.73661 7.70108 9.26777 7.23224C8.79893 6.76339 8.16304 6.5 7.5 6.5ZM15 20.5C14.9984 19.1744 14.4711 17.9036 13.5338 16.9662C12.5964 16.0289 11.3256 15.5016 10 15.5H5C3.67441 15.5016 2.40356 16.0289 1.46622 16.9662C0.528882 17.9036 0.00158786 19.1744 0 20.5L0 24.5H2V20.5C2 19.7044 2.31607 18.9413 2.87868 18.3787C3.44129 17.8161 4.20435 17.5 5 17.5H10C10.7956 17.5 11.5587 17.8161 12.1213 18.3787C12.6839 18.9413 13 19.7044 13 20.5V24.5H15V20.5ZM17.5 9.5C16.61 9.5 15.74 9.23608 14.9999 8.74162C14.2599 8.24715 13.6831 7.54435 13.3425 6.72208C13.0019 5.89981 12.9128 4.99501 13.0865 4.1221C13.2601 3.24918 13.6887 2.44736 14.318 1.81802C14.9474 1.18869 15.7492 0.760102 16.6221 0.586468C17.495 0.412835 18.3998 0.50195 19.2221 0.842544C20.0443 1.18314 20.7471 1.75991 21.2416 2.49994C21.7361 3.23996 22 4.10999 22 5C21.9987 6.19307 21.5241 7.33689 20.6805 8.18052C19.8369 9.02415 18.6931 9.49868 17.5 9.5ZM17.5 2.5C17.0055 2.5 16.5222 2.64662 16.1111 2.92133C15.7 3.19603 15.3795 3.58648 15.1903 4.04329C15.0011 4.50011 14.9516 5.00278 15.048 5.48773C15.1445 5.97268 15.3826 6.41814 15.7322 6.76777C16.0819 7.1174 16.5273 7.3555 17.0123 7.45197C17.4972 7.54843 17.9999 7.49892 18.4567 7.3097C18.9135 7.12048 19.304 6.80005 19.5787 6.38893C19.8534 5.97781 20 5.49446 20 5C20 4.33696 19.7366 3.70108 19.2678 3.23224C18.7989 2.76339 18.163 2.5 17.5 2.5ZM24 16.5C23.9984 15.1744 23.4711 13.9036 22.5338 12.9662C21.5964 12.0289 20.3256 11.5016 19 11.5H15V13.5H19C19.7956 13.5 20.5587 13.8161 21.1213 14.3787C21.6839 14.9413 22 15.7044 22 16.5V20.5H24V16.5Z\" fill=\"#7B7B7B\"\/>\r\n                <\/g>\r\n                <defs>\r\n                <clipPath id=\"clip0_182_5652\">\r\n                <rect width=\"24\" height=\"24\" fill=\"white\" transform=\"translate(0 0.5)\"\/>\r\n                <\/clipPath>\r\n                <\/defs>\r\n                <\/svg>\r\n                <div class=\"st-form-dropdown-icon\">\r\n            <label>G\u00e4ste<\/label>\r\n            <div class=\"render\">\r\n                <span class=\"adult\" data-text=\"Person\"\r\n                    data-text-multi=\"Persons\">1 Person<\/span>\r\n                -\r\n                <span class=\"children\" data-text=\"Child\"\r\n                    data-text-multi=\"Children\">0 Children<\/span>\r\n            <\/div>\r\n        <\/div>\r\n\r\n    <\/div>\r\n    <ul class=\"dropdown-menu st-modern-style\" aria-labelledby=\"dropdown-1\">\r\n        <li class=\"item d-flex align-items-center justify-content-between\">\r\n            <label>Apartments<\/label>\r\n            <div class=\"select-wrapper\">\r\n                <div class=\"st-number-wrapper d-flex align-items-center justify-content-between\">\r\n                    <input type=\"text\" name=\"room_num_search\" value=\"1\" class=\"form-control st-input-number\" autocomplete=\"off\" readonly data-min=\"1\" data-max=\"9\"\/>\r\n                <\/div>\r\n            <\/div>\r\n        <\/li>\r\n        <li class=\"item d-flex align-items-center justify-content-between\">\r\n            <label>Persons<\/label>\r\n            <div class=\"select-wrapper\">\r\n                <div class=\"st-number-wrapper d-flex align-items-center justify-content-between\">\r\n                    <input type=\"text\" name=\"adult_number\" value=\"1\" class=\"form-control st-input-number\" autocomplete=\"off\" readonly data-min=\"1\" data-max=\"9\"\/>\r\n                <\/div>\r\n            <\/div>\r\n        <\/li>\r\n        <li class=\"item d-flex align-items-center justify-content-between\">\r\n            <label>Children<\/label>\r\n            <div class=\"select-wrapper\">\r\n                <div class=\"st-number-wrapper d-flex align-items-center justify-content-between\">\r\n                    <input type=\"text\" name=\"child_number\" value=\"0\" class=\"form-control st-input-number\" autocomplete=\"off\" readonly data-min=\"0\" data-max=\"14\"\/>\r\n                <\/div>\r\n            <\/div>\r\n        <\/li>\r\n    <\/ul>\r\n<\/div>\r\n                            <\/div>\r\n                            <div class=\"col-12 col-sm-12 col-md-4 col-lg-4\">\r\n                                    <div class=\"form-button d-flex align-items-center justify-content-between\">\r\n\r\n    <button class=\"btn btn-primary btn-search st-button-main\" type=\"submit\">Verf\u00fcgbarkeit pr\u00fcfen<\/button>\r\n<\/div>\r\n                            <\/div>\r\n                                                                        <\/div>\r\n            <\/form>\r\n        <\/div>\r\n    <\/div>\r\n<\/div>\t\t\t\t<\/div>\n\t\t\t\t<\/div>\n\t\t\t\t\t<\/div>\n\t\t\t\t<\/div>\n\t\t<div class=\"elementor-element elementor-element-2415d00e e-flex e-con-boxed e-con e-child\" data-id=\"2415d00e\" data-element_type=\"container\" data-e-type=\"container\">\n\t\t\t\t\t<div class=\"e-con-inner\">\n\t\t\t\t<div class=\"elementor-element elementor-element-60a3f6b1 animated-slow elementor-invisible elementor-widget elementor-widget-text-editor\" data-id=\"60a3f6b1\" data-element_type=\"widget\" data-e-type=\"widget\" data-settings=\"{&quot;_animation&quot;:&quot;fadeIn&quot;}\" data-widget_type=\"text-editor.default\">\n\t\t\t\t<div class=\"elementor-widget-container\">\n\t\t\t\t\t\t\t\t\t<p>Buchungshotline: <a href=\"tel:2254022447\">+30 22540-22447<\/a> | Email: <a href=\"mailto:info@CastleViewApartments.gr\">info@CastleViewApartments.gr<\/a><\/p>\t\t\t\t\t\t\t\t<\/div>\n\t\t\t\t<\/div>\n\t\t\t\t\t<\/div>\n\t\t\t\t<\/div>\n\t\t\t\t\t<\/div>\n\t\t\t\t<\/div>\n\t\t<div class=\"elementor-element elementor-element-795d1bd5 e-flex e-con-boxed e-con e-parent\" data-id=\"795d1bd5\" data-element_type=\"container\" data-e-type=\"container\" data-settings=\"{&quot;background_background&quot;:&quot;classic&quot;}\">\n\t\t\t\t\t<div class=\"e-con-inner\">\n\t\t<div class=\"elementor-element elementor-element-5b93c813 e-flex e-con-boxed e-con e-child\" data-id=\"5b93c813\" data-element_type=\"container\" data-e-type=\"container\">\n\t\t\t\t\t<div class=\"e-con-inner\">\n\t\t\t\t<div class=\"elementor-element elementor-element-14d1c1bd animated-slow elementor-invisible elementor-widget elementor-widget-st_list_service_room\" data-id=\"14d1c1bd\" data-element_type=\"widget\" data-e-type=\"widget\" data-settings=\"{&quot;orderby&quot;:&quot;date&quot;,&quot;_animation&quot;:&quot;fadeIn&quot;,&quot;_animation_delay&quot;:300,&quot;order&quot;:&quot;DESC&quot;}\" data-widget_type=\"st_list_service_room.default\">\n\t\t\t\t<div class=\"elementor-widget-container\">\n\t\t\t\t\t<div class=\"st-list-service st_list_service_room list style_1\" >\r\n\t<div class=\"map-content-loading\">\r\n    <div class=\"st-loader\"><\/div>\r\n<\/div><div class=\"row service-list-wrapper list-style\"><div class=\"col-lg-12\"><div class=\"services-item list item-elementor\" itemscope itemtype=\"https:\/\/schema.org\/Room\" data-id=\"18250\">\r\n    <div class=\"item service-border st-border-radius\">\r\n        <div class=\"featured-image\">\r\n            <a href=\"https:\/\/castleviewapartments.gr\/de\/rental\/studio-with-castle-view\/\">\r\n                <img decoding=\"async\" itemprop=\"photo\" src=\"https:\/\/castleviewapartments.gr\/wp-content\/uploads\/2025\/04\/CastleViewApartments_home-01-900x600.jpg\" alt=\"Studio mit Blick auf das Schloss\" class=\"image-feature st-hover-grow\" \/>\r\n            <\/a>\r\n        <\/div>\r\n        <div class=\"content-item\">\r\n            <div class=\"price-wrapper d-flex align-items-center\" itemprop=\"priceRange\">\r\n\t\t\t\tAb<span class=\"price\">50 \u20ac<\/span><span class=\"unit\">\/Nacht<\/span>\r\n            <\/div>\r\n            <h3 class=\"title\" itemprop=\"name\">\r\n                <a href=\"https:\/\/castleviewapartments.gr\/de\/rental\/studio-with-castle-view\/\" class=\"st-link c-main\">Studio mit Blick auf das Schloss<\/a>\r\n            <\/h3>\r\n            <div class=\"descrition\">\r\n                <p>Relax and enjoy a comfortable stay in our studio with a view of the historic castle of Myrina. Ideal for couples or solo travelers, the studio offers a stylish and cozy space that combines elegance with functionality. The view of the castle adds a magical touch to your experience.  <\/p>\n            <\/div>\r\n            <div class=\"section-footer\">\r\n                <div class=\"room-featured-items\">\r\n                    <div class=\"item\" data-bs-html=\"true\" data-bs-toggle=\"tooltip\" data-bs-placement=\"top\" data-toggle=\"tooltip\" data-placement=\"top\" title=\"No. Beds\">\r\n                        <span class=\"stt-icon stt-icon-bed\"><\/span>\r\n                        2                    <\/div>\r\n                    <div class=\"item\" data-bs-html=\"true\" data-bs-toggle=\"tooltip\" data-bs-placement=\"top\" data-toggle=\"tooltip\" data-placement=\"top\" title=\"Anzahl der Personen\">\r\n                        <span class=\"stt-icon stt-icon-adult\"><\/span>\r\n                        2                    <\/div>\r\n                    <div class=\"item\" data-bs-html=\"true\" data-bs-toggle=\"tooltip\" data-bs-placement=\"top\" data-toggle=\"tooltip\" data-placement=\"top\" title=\"No. Children\">\r\n                        <span class=\"stt-icon stt-icon-baby\"><\/span>\r\n                        0                    <\/div>\r\n                    <div class=\"item\" data-bs-html=\"true\" data-bs-toggle=\"tooltip\" data-bs-placement=\"top\" data-toggle=\"tooltip\" data-placement=\"top\" title=\"Apartment Footage\">\r\n                        <span class=\"stt-icon stt-icon-area\"><\/span>\r\n                        25m<sup>2<\/sup>                    <\/div>\r\n                <\/div>\r\n                <a href=\"https:\/\/castleviewapartments.gr\/de\/rental\/studio-with-castle-view\/\" class=\"btn btn-primary btn-search st-button-main\">Wohnungsdetail<\/a>\r\n            <\/div>\r\n        <\/div>\r\n    <\/div>\r\n<\/div><\/div><div class=\"col-lg-12\"><div class=\"services-item list item-elementor\" itemscope itemtype=\"https:\/\/schema.org\/Room\" data-id=\"18252\">\r\n    <div class=\"item service-border st-border-radius\">\r\n        <div class=\"featured-image\">\r\n            <a href=\"https:\/\/castleviewapartments.gr\/de\/rental\/studio-with-private-terrace\/\">\r\n                <img decoding=\"async\" itemprop=\"photo\" src=\"https:\/\/castleviewapartments.gr\/wp-content\/uploads\/2022\/04\/CastleViewApartments_studio10_08-900x600.jpg\" alt=\"Studio mit privater Terrasse\" class=\"image-feature st-hover-grow\" \/>\r\n            <\/a>\r\n        <\/div>\r\n        <div class=\"content-item\">\r\n            <div class=\"price-wrapper d-flex align-items-center\" itemprop=\"priceRange\">\r\n\t\t\t\tAb<span class=\"price\">40 \u20ac<\/span><span class=\"unit\">\/Nacht<\/span>\r\n            <\/div>\r\n            <h3 class=\"title\" itemprop=\"name\">\r\n                <a href=\"https:\/\/castleviewapartments.gr\/de\/rental\/studio-with-private-terrace\/\" class=\"st-link c-main\">Studio mit privater Terrasse<\/a>\r\n            <\/h3>\r\n            <div class=\"descrition\">\r\n                <p>Genie\u00dfen Sie einen komfortablen und preiswerten Aufenthalt in unserem Studio mit privater Terrasse, ideal f\u00fcr Paare oder Alleinreisende. Das Studio bietet Komfort und Funktionalit\u00e4t auf kompaktem Raum und ist die perfekte Wahl f\u00fcr alle, die ein erschwingliches und gem\u00fctliches Zuhause suchen.<\/p>\n            <\/div>\r\n            <div class=\"section-footer\">\r\n                <div class=\"room-featured-items\">\r\n                    <div class=\"item\" data-bs-html=\"true\" data-bs-toggle=\"tooltip\" data-bs-placement=\"top\" data-toggle=\"tooltip\" data-placement=\"top\" title=\"No. Beds\">\r\n                        <span class=\"stt-icon stt-icon-bed\"><\/span>\r\n                        2                    <\/div>\r\n                    <div class=\"item\" data-bs-html=\"true\" data-bs-toggle=\"tooltip\" data-bs-placement=\"top\" data-toggle=\"tooltip\" data-placement=\"top\" title=\"Anzahl der Personen\">\r\n                        <span class=\"stt-icon stt-icon-adult\"><\/span>\r\n                        2                    <\/div>\r\n                    <div class=\"item\" data-bs-html=\"true\" data-bs-toggle=\"tooltip\" data-bs-placement=\"top\" data-toggle=\"tooltip\" data-placement=\"top\" title=\"No. Children\">\r\n                        <span class=\"stt-icon stt-icon-baby\"><\/span>\r\n                        0                    <\/div>\r\n                    <div class=\"item\" data-bs-html=\"true\" data-bs-toggle=\"tooltip\" data-bs-placement=\"top\" data-toggle=\"tooltip\" data-placement=\"top\" title=\"Apartment Footage\">\r\n                        <span class=\"stt-icon stt-icon-area\"><\/span>\r\n                        25m<sup>2<\/sup>                    <\/div>\r\n                <\/div>\r\n                <a href=\"https:\/\/castleviewapartments.gr\/de\/rental\/studio-with-private-terrace\/\" class=\"btn btn-primary btn-search st-button-main\">Wohnungsdetail<\/a>\r\n            <\/div>\r\n        <\/div>\r\n    <\/div>\r\n<\/div><\/div><div class=\"col-lg-12\"><div class=\"services-item list item-elementor\" itemscope itemtype=\"https:\/\/schema.org\/Room\" data-id=\"18254\">\r\n    <div class=\"item service-border st-border-radius\">\r\n        <div class=\"featured-image\">\r\n            <a href=\"https:\/\/castleviewapartments.gr\/de\/rental\/loft-with-one-bedroom-balcony\/\">\r\n                <img decoding=\"async\" itemprop=\"photo\" src=\"https:\/\/castleviewapartments.gr\/wp-content\/uploads\/2022\/04\/CastleViewApartments_23_01-900x600.jpg\" alt=\"Ein-Zimmer-Loft mit Balkon\" class=\"image-feature st-hover-grow\" \/>\r\n            <\/a>\r\n        <\/div>\r\n        <div class=\"content-item\">\r\n            <div class=\"price-wrapper d-flex align-items-center\" itemprop=\"priceRange\">\r\n\t\t\t\tAb<span class=\"price\">80 \u20ac<\/span><span class=\"unit\">\/Nacht<\/span>\r\n            <\/div>\r\n            <h3 class=\"title\" itemprop=\"name\">\r\n                <a href=\"https:\/\/castleviewapartments.gr\/de\/rental\/loft-with-one-bedroom-balcony\/\" class=\"st-link c-main\">Ein-Zimmer-Loft mit Balkon<\/a>\r\n            <\/h3>\r\n            <div class=\"descrition\">\r\n                <p>Machen Sie es sich in einem stilvollen und komfortablen Loft mit einem Schlafzimmer und privatem Balkon mit Blick auf das Schloss Myrina bequem. Es ist perfekt f\u00fcr Paare oder kleine Familien und bietet einen ruhigen R\u00fcckzugsort mit modernen Annehmlichkeiten in elegantem Ambiente.<\/p>\n            <\/div>\r\n            <div class=\"section-footer\">\r\n                <div class=\"room-featured-items\">\r\n                    <div class=\"item\" data-bs-html=\"true\" data-bs-toggle=\"tooltip\" data-bs-placement=\"top\" data-toggle=\"tooltip\" data-placement=\"top\" title=\"No. Beds\">\r\n                        <span class=\"stt-icon stt-icon-bed\"><\/span>\r\n                        1                    <\/div>\r\n                    <div class=\"item\" data-bs-html=\"true\" data-bs-toggle=\"tooltip\" data-bs-placement=\"top\" data-toggle=\"tooltip\" data-placement=\"top\" title=\"Anzahl der Personen\">\r\n                        <span class=\"stt-icon stt-icon-adult\"><\/span>\r\n                        3                    <\/div>\r\n                    <div class=\"item\" data-bs-html=\"true\" data-bs-toggle=\"tooltip\" data-bs-placement=\"top\" data-toggle=\"tooltip\" data-placement=\"top\" title=\"No. Children\">\r\n                        <span class=\"stt-icon stt-icon-baby\"><\/span>\r\n                        0                    <\/div>\r\n                    <div class=\"item\" data-bs-html=\"true\" data-bs-toggle=\"tooltip\" data-bs-placement=\"top\" data-toggle=\"tooltip\" data-placement=\"top\" title=\"Apartment Footage\">\r\n                        <span class=\"stt-icon stt-icon-area\"><\/span>\r\n                        45m<sup>2<\/sup>                    <\/div>\r\n                <\/div>\r\n                <a href=\"https:\/\/castleviewapartments.gr\/de\/rental\/loft-with-one-bedroom-balcony\/\" class=\"btn btn-primary btn-search st-button-main\">Wohnungsdetail<\/a>\r\n            <\/div>\r\n        <\/div>\r\n    <\/div>\r\n<\/div><\/div><div class=\"col-lg-12\"><div class=\"services-item list item-elementor\" itemscope itemtype=\"https:\/\/schema.org\/Room\" data-id=\"18256\">\r\n    <div class=\"item service-border st-border-radius\">\r\n        <div class=\"featured-image\">\r\n            <a href=\"https:\/\/castleviewapartments.gr\/de\/rental\/two-bedroom-apartment\/\">\r\n                <img decoding=\"async\" itemprop=\"photo\" src=\"https:\/\/castleviewapartments.gr\/wp-content\/uploads\/2022\/04\/CastleViewApartments_ap-04-900x600.jpg\" alt=\"Zwei-Schlafzimmer-Apartment\" class=\"image-feature st-hover-grow\" \/>\r\n            <\/a>\r\n        <\/div>\r\n        <div class=\"content-item\">\r\n            <div class=\"price-wrapper d-flex align-items-center\" itemprop=\"priceRange\">\r\n\t\t\t\tAb<span class=\"price\">90 \u20ac<\/span><span class=\"unit\">\/Nacht<\/span>\r\n            <\/div>\r\n            <h3 class=\"title\" itemprop=\"name\">\r\n                <a href=\"https:\/\/castleviewapartments.gr\/de\/rental\/two-bedroom-apartment\/\" class=\"st-link c-main\">Zwei-Schlafzimmer-Apartment<\/a>\r\n            <\/h3>\r\n            <div class=\"descrition\">\r\n                <p>Erleben Sie einen ger\u00e4umigen und komfortablen Aufenthalt in unserem Apartment mit zwei Schlafzimmern. Es ist ideal f\u00fcr Familien oder Gruppen und bietet moderne Annehmlichkeiten und eine entspannte Atmosph\u00e4re f\u00fcr einen unvergesslichen Kurzurlaub.<\/p>\n            <\/div>\r\n            <div class=\"section-footer\">\r\n                <div class=\"room-featured-items\">\r\n                    <div class=\"item\" data-bs-html=\"true\" data-bs-toggle=\"tooltip\" data-bs-placement=\"top\" data-toggle=\"tooltip\" data-placement=\"top\" title=\"No. Beds\">\r\n                        <span class=\"stt-icon stt-icon-bed\"><\/span>\r\n                        3                    <\/div>\r\n                    <div class=\"item\" data-bs-html=\"true\" data-bs-toggle=\"tooltip\" data-bs-placement=\"top\" data-toggle=\"tooltip\" data-placement=\"top\" title=\"Anzahl der Personen\">\r\n                        <span class=\"stt-icon stt-icon-adult\"><\/span>\r\n                        5                    <\/div>\r\n                    <div class=\"item\" data-bs-html=\"true\" data-bs-toggle=\"tooltip\" data-bs-placement=\"top\" data-toggle=\"tooltip\" data-placement=\"top\" title=\"No. Children\">\r\n                        <span class=\"stt-icon stt-icon-baby\"><\/span>\r\n                        0                    <\/div>\r\n                    <div class=\"item\" data-bs-html=\"true\" data-bs-toggle=\"tooltip\" data-bs-placement=\"top\" data-toggle=\"tooltip\" data-placement=\"top\" title=\"Apartment Footage\">\r\n                        <span class=\"stt-icon stt-icon-area\"><\/span>\r\n                        60m<sup>2<\/sup>                    <\/div>\r\n                <\/div>\r\n                <a href=\"https:\/\/castleviewapartments.gr\/de\/rental\/two-bedroom-apartment\/\" class=\"btn btn-primary btn-search st-button-main\">Wohnungsdetail<\/a>\r\n            <\/div>\r\n        <\/div>\r\n    <\/div>\r\n<\/div><\/div><\/div>\t\t\t<div class=\"map-content-loading\">\r\n\t\t\t\t<div class=\"st-loader\"><\/div>\r\n\t\t\t<\/div>\r\n\t\t\t<div class=\"panigation-list-new-style pagination moderm-pagination\"\r\n\t\t\t\tdata-action_service=\"sts_filter_room_ajax\"\r\n\t\t\t\t\t\t\t\tdata-order=\"DESC\"\r\n\t\t\t\tdata-orderby=\"date\"\r\n\t\t\t\tdata-layout=\"list\"\r\n\t\t\t\tdata-st_item_row=\"\"\r\n\t\t\t\tdata-st_item_row_tablet=\"1\"\r\n\t\t\t\tdata-st_item_row_tablet_extra=\"1\"\r\n\t\t\t\tdata-post_id=\"\"\r\n\t\t\t\tdata-posts_per_page=\"4\"\r\n\t\t\t>\r\n\t\t\t\t\t\t\t<\/div>\r\n\r\n\t\t<\/div>\r\n\t\t\t\t<\/div>\n\t\t\t\t<\/div>\n\t\t\t\t\t<\/div>\n\t\t\t\t<\/div>\n\t\t\t\t\t<\/div>\n\t\t\t\t<\/div>\n\t\t\t\t<\/div>\n\t\t","protected":false},"excerpt":{"rendered":"<p>Reservierung Check In &#8211; Out dd\/mm\/yyyy &#8211; dd\/mm\/yyyy Guests 1 Guest &#8211; 0 Children Apartments Guests Children check availability Buchungshotline: +30 22540-22447 | Email: info@CastleViewApartments.gr from \u20ac50,00\/night Studio with Castle View Relax and enjoy a comfortable stay in our studio with a view of the historic castle of Myrina. Ideal for couples or solo travelers, [&hellip;]<\/p>\n","protected":false},"author":1,"featured_media":0,"parent":0,"menu_order":0,"comment_status":"closed","ping_status":"closed","template":"template-blank.php","meta":{"footnotes":""},"class_list":["post-18192","page","type-page","status-publish","has-post-thumbnail","hentry"],"_links":{"self":[{"href":"https:\/\/castleviewapartments.gr\/de\/wp-json\/wp\/v2\/pages\/18192","targetHints":{"allow":["GET"]}}],"collection":[{"href":"https:\/\/castleviewapartments.gr\/de\/wp-json\/wp\/v2\/pages"}],"about":[{"href":"https:\/\/castleviewapartments.gr\/de\/wp-json\/wp\/v2\/types\/page"}],"author":[{"embeddable":true,"href":"https:\/\/castleviewapartments.gr\/de\/wp-json\/wp\/v2\/users\/1"}],"replies":[{"embeddable":true,"href":"https:\/\/castleviewapartments.gr\/de\/wp-json\/wp\/v2\/comments?post=18192"}],"version-history":[{"count":0,"href":"https:\/\/castleviewapartments.gr\/de\/wp-json\/wp\/v2\/pages\/18192\/revisions"}],"wp:attachment":[{"href":"https:\/\/castleviewapartments.gr\/de\/wp-json\/wp\/v2\/media?parent=18192"}],"curies":[{"name":"wp","href":"https:\/\/api.w.org\/{rel}","templated":true}]}}