{"id":18186,"date":"2023-02-03T04:21:38","date_gmt":"2023-02-03T02:21:38","guid":{"rendered":"https:\/\/castleviewapartments.gr\/lemnos-island\/"},"modified":"2025-05-23T17:57:26","modified_gmt":"2025-05-23T14:57:26","slug":"lemnos-island","status":"publish","type":"page","link":"https:\/\/castleviewapartments.gr\/de\/lemnos-island\/","title":{"rendered":"Insel Lemnos"},"content":{"rendered":"\t\t<div data-elementor-type=\"wp-page\" data-elementor-id=\"18186\" class=\"elementor elementor-18186 elementor-15445\">\n\t\t\t\t<div class=\"elementor-element elementor-element-6b49a678 animated-slow e-flex e-con-boxed elementor-invisible e-con e-parent\" data-id=\"6b49a678\" data-element_type=\"container\" data-e-type=\"container\" data-settings=\"{&quot;background_background&quot;:&quot;classic&quot;,&quot;animation&quot;:&quot;fadeIn&quot;,&quot;animation_delay&quot;:0}\">\n\t\t\t\t\t<div class=\"e-con-inner\">\n\t\t\t\t<div class=\"elementor-element elementor-element-641dbdb4 elementor-invisible elementor-widget elementor-widget-heading\" data-id=\"641dbdb4\" data-element_type=\"widget\" data-e-type=\"widget\" data-settings=\"{&quot;_animation&quot;:&quot;fadeInDown&quot;,&quot;_animation_delay&quot;:0}\" data-widget_type=\"heading.default\">\n\t\t\t\t<div class=\"elementor-widget-container\">\n\t\t\t\t\t<h2 class=\"elementor-heading-title elementor-size-default\">Entdecken Sie Lemnos<\/h2>\t\t\t\t<\/div>\n\t\t\t\t<\/div>\n\t\t\t\t\t<\/div>\n\t\t\t\t<\/div>\n\t\t<div class=\"elementor-element elementor-element-649d3fe animated-slow e-flex e-con-boxed elementor-invisible e-con e-parent\" data-id=\"649d3fe\" data-element_type=\"container\" data-e-type=\"container\" data-settings=\"{&quot;animation&quot;:&quot;fadeIn&quot;,&quot;animation_delay&quot;:0}\">\n\t\t\t\t\t<div class=\"e-con-inner\">\n\t\t\t\t<div class=\"elementor-element elementor-element-9f29d15 elementor-widget__width-initial elementor-invisible elementor-widget elementor-widget-heading\" data-id=\"9f29d15\" data-element_type=\"widget\" data-e-type=\"widget\" data-settings=\"{&quot;_animation&quot;:&quot;fadeInUp&quot;}\" data-widget_type=\"heading.default\">\n\t\t\t\t<div class=\"elementor-widget-container\">\n\t\t\t\t\t<h2 class=\"elementor-heading-title elementor-size-default\">Ein unber\u00fchrter Zufluchtsort in der \u00c4g\u00e4is voller Geschichte, Sch\u00f6nheit und Ruhe<\/h2>\t\t\t\t<\/div>\n\t\t\t\t<\/div>\n\t\t\t\t\t<\/div>\n\t\t\t\t<\/div>\n\t\t<div class=\"elementor-element elementor-element-46a862a animated-slow e-flex e-con-boxed elementor-invisible e-con e-parent\" data-id=\"46a862a\" data-element_type=\"container\" data-e-type=\"container\" data-settings=\"{&quot;animation&quot;:&quot;fadeIn&quot;}\">\n\t\t\t\t\t<div class=\"e-con-inner\">\n\t\t<div class=\"elementor-element elementor-element-d2e0703 e-con-full e-flex elementor-invisible e-con e-child\" data-id=\"d2e0703\" data-element_type=\"container\" data-e-type=\"container\" data-settings=\"{&quot;animation&quot;:&quot;fadeIn&quot;}\">\n\t\t\t\t<div class=\"elementor-element elementor-element-3b34a9e elementor-widget elementor-widget-spacer\" data-id=\"3b34a9e\" data-element_type=\"widget\" data-e-type=\"widget\" data-widget_type=\"spacer.default\">\n\t\t\t\t<div class=\"elementor-widget-container\">\n\t\t\t\t\t\t\t<div class=\"elementor-spacer\">\n\t\t\t<div class=\"elementor-spacer-inner\"><\/div>\n\t\t<\/div>\n\t\t\t\t\t\t<\/div>\n\t\t\t\t<\/div>\n\t\t\t\t<div class=\"elementor-element elementor-element-075a638 animated-slow elementor-invisible elementor-widget elementor-widget-image\" data-id=\"075a638\" data-element_type=\"widget\" data-e-type=\"widget\" data-settings=\"{&quot;_animation&quot;:&quot;fadeIn&quot;,&quot;_animation_delay&quot;:0}\" data-widget_type=\"image.default\">\n\t\t\t\t<div class=\"elementor-widget-container\">\n\t\t\t\t\t\t\t\t\t\t\t\t\t\t\t<img fetchpriority=\"high\" decoding=\"async\" width=\"740\" height=\"500\" src=\"https:\/\/castleviewapartments.gr\/wp-content\/uploads\/2025\/04\/cva-lemnos-04.jpg\" class=\"attachment-full size-full wp-image-18017\" alt=\"\" srcset=\"https:\/\/castleviewapartments.gr\/wp-content\/uploads\/2025\/04\/cva-lemnos-04.jpg 740w, https:\/\/castleviewapartments.gr\/wp-content\/uploads\/2025\/04\/cva-lemnos-04-768x518.jpg 768w, https:\/\/castleviewapartments.gr\/wp-content\/uploads\/2025\/04\/cva-lemnos-04-600x405.jpg 600w\" sizes=\"(max-width: 740px) 100vw, 740px\" \/>\t\t\t\t\t\t\t\t\t\t\t\t\t\t\t<\/div>\n\t\t\t\t<\/div>\n\t\t\t\t<\/div>\n\t\t<div class=\"elementor-element elementor-element-49611ce e-con-full elementor-hidden-tablet elementor-hidden-mobile e-flex e-con e-child\" data-id=\"49611ce\" data-element_type=\"container\" data-e-type=\"container\">\n\t\t\t\t<\/div>\n\t\t<div class=\"elementor-element elementor-element-2699d5d e-con-full e-flex elementor-invisible e-con e-child\" data-id=\"2699d5d\" data-element_type=\"container\" data-e-type=\"container\" data-settings=\"{&quot;animation&quot;:&quot;fadeIn&quot;,&quot;animation_delay&quot;:100}\">\n\t\t\t\t<div class=\"elementor-element elementor-element-e8c2c8b animated-slow elementor-invisible elementor-widget elementor-widget-heading\" data-id=\"e8c2c8b\" data-element_type=\"widget\" data-e-type=\"widget\" data-settings=\"{&quot;_animation&quot;:&quot;fadeIn&quot;,&quot;_animation_delay&quot;:100}\" data-widget_type=\"heading.default\">\n\t\t\t\t<div class=\"elementor-widget-container\">\n\t\t\t\t\t<h2 class=\"elementor-heading-title elementor-size-default\">Lemnos, ein verstecktes Juwel in der \u00c4g\u00e4is<\/h2>\t\t\t\t<\/div>\n\t\t\t\t<\/div>\n\t\t\t\t<div class=\"elementor-element elementor-element-753c0dc animated-slow elementor-invisible elementor-widget elementor-widget-heading\" data-id=\"753c0dc\" data-element_type=\"widget\" data-e-type=\"widget\" data-settings=\"{&quot;_animation&quot;:&quot;fadeIn&quot;,&quot;_animation_delay&quot;:200}\" data-widget_type=\"heading.default\">\n\t\t\t\t<div class=\"elementor-widget-container\">\n\t\t\t\t\t<div class=\"elementor-heading-title elementor-size-default\">Ein mediterranes Paradies erwartet Sie<\/div>\t\t\t\t<\/div>\n\t\t\t\t<\/div>\n\t\t\t\t<div class=\"elementor-element elementor-element-aa6320a animated-slow elementor-invisible elementor-widget elementor-widget-text-editor\" data-id=\"aa6320a\" data-element_type=\"widget\" data-e-type=\"widget\" data-settings=\"{&quot;_animation&quot;:&quot;fadeIn&quot;,&quot;_animation_delay&quot;:300}\" data-widget_type=\"text-editor.default\">\n\t\t\t\t<div class=\"elementor-widget-container\">\n\t\t\t\t\t\t\t\t\t<p>Lemnos l\u00e4dt Sie ein, seine atemberaubenden Landschaften, reiche Geschichte und herzliche Gastfreundschaft zu erleben. Bekannt f\u00fcr seine goldenen Str\u00e4nde, malerischen D\u00f6rfer und antiken St\u00e4tten, bietet die Insel eine perfekte Mischung aus Entspannung und Erkundung.<\/p><p>Schlendern Sie durch die lebendigen Stra\u00dfen von Myrina, wo die imposante mittelalterliche Burg \u00fcber die Stadt und das Meer wacht. Entdecken Sie arch\u00e4ologische Wunder wie die pr\u00e4historische St\u00e4tte von Poliochni oder das Heiligtum des Hephaistos. Genie\u00dfen Sie die traditionelle K\u00fcche der Insel und kosten Sie frischen Fisch, lokale K\u00e4sesorten und den ber\u00fchmten Lemnischen Wein.<\/p><p>Ob Sie Abenteuer, Geschichte oder pure Entspannung suchen \u2013 Lemnos begeistert mit authentischem Charme und unber\u00fchrter Sch\u00f6nheit. Lassen Sie sich von den ruhigen Landschaften und der einladenden Atmosph\u00e4re zu unvergesslichen Erinnerungen inspirieren.<\/p>\t\t\t\t\t\t\t\t<\/div>\n\t\t\t\t<\/div>\n\t\t\t\t<\/div>\n\t\t\t\t\t<\/div>\n\t\t\t\t<\/div>\n\t\t<div class=\"elementor-element elementor-element-989dc86 e-flex e-con-boxed e-con e-parent\" data-id=\"989dc86\" data-element_type=\"container\" data-e-type=\"container\">\n\t\t\t\t\t<div class=\"e-con-inner\">\n\t\t\t\t<div class=\"elementor-element elementor-element-e25dfca animated-slow elementor-widget-divider--view-line elementor-invisible elementor-widget elementor-widget-divider\" data-id=\"e25dfca\" data-element_type=\"widget\" data-e-type=\"widget\" data-settings=\"{&quot;_animation&quot;:&quot;fadeIn&quot;}\" data-widget_type=\"divider.default\">\n\t\t\t\t<div class=\"elementor-widget-container\">\n\t\t\t\t\t\t\t<div class=\"elementor-divider\">\n\t\t\t<span class=\"elementor-divider-separator\">\n\t\t\t\t\t\t<\/span>\n\t\t<\/div>\n\t\t\t\t\t\t<\/div>\n\t\t\t\t<\/div>\n\t\t\t\t\t<\/div>\n\t\t\t\t<\/div>\n\t\t<div class=\"elementor-element elementor-element-8049dfa animated-slow e-flex e-con-boxed elementor-invisible e-con e-parent\" data-id=\"8049dfa\" data-element_type=\"container\" data-e-type=\"container\" data-settings=\"{&quot;animation&quot;:&quot;fadeIn&quot;}\">\n\t\t\t\t\t<div class=\"e-con-inner\">\n\t\t<div class=\"elementor-element elementor-element-d0e4f73 e-con-full e-flex elementor-invisible e-con e-child\" data-id=\"d0e4f73\" data-element_type=\"container\" data-e-type=\"container\" data-settings=\"{&quot;animation&quot;:&quot;fadeIn&quot;,&quot;animation_delay&quot;:100}\">\n\t\t\t\t<div class=\"elementor-element elementor-element-162fc51 animated-slow elementor-widget elementor-widget-heading\" data-id=\"162fc51\" data-element_type=\"widget\" data-e-type=\"widget\" data-settings=\"{&quot;_animation&quot;:&quot;none&quot;,&quot;_animation_delay&quot;:100}\" data-widget_type=\"heading.default\">\n\t\t\t\t<div class=\"elementor-widget-container\">\n\t\t\t\t\t<h2 class=\"elementor-heading-title elementor-size-default\">Geschichte &amp; Kultur<\/h2>\t\t\t\t<\/div>\n\t\t\t\t<\/div>\n\t\t\t\t<div class=\"elementor-element elementor-element-6e62335 elementor-invisible elementor-widget elementor-widget-heading\" data-id=\"6e62335\" data-element_type=\"widget\" data-e-type=\"widget\" data-settings=\"{&quot;_animation&quot;:&quot;fadeIn&quot;,&quot;_animation_delay&quot;:200}\" data-widget_type=\"heading.default\">\n\t\t\t\t<div class=\"elementor-widget-container\">\n\t\t\t\t\t<div class=\"elementor-heading-title elementor-size-default\">Das lebendige Erbe eines Juwels der \u00c4g\u00e4is<\/div>\t\t\t\t<\/div>\n\t\t\t\t<\/div>\n\t\t\t\t<div class=\"elementor-element elementor-element-559ef85 animated-slow elementor-invisible elementor-widget elementor-widget-text-editor\" data-id=\"559ef85\" data-element_type=\"widget\" data-e-type=\"widget\" data-settings=\"{&quot;_animation&quot;:&quot;fadeIn&quot;,&quot;_animation_delay&quot;:300}\" data-widget_type=\"text-editor.default\">\n\t\t\t\t<div class=\"elementor-widget-container\">\n\t\t\t\t\t\t\t\t\t<p>Lemnos ist reich an Mythologie und Geschichte. Der Legende nach war es die heilige Insel von <strong>Hephaistos, dem Gott des Feuers und der Handwerkskunst<\/strong>, der hier gelandet sein soll, nachdem er vom Olymp versto\u00dfen wurde. Heute k\u00f6nnen Besucher <strong>antike Ruinen, mittelalterliche Burgen und arch\u00e4ologische Wunder<\/strong> wie <strong>Poliochni<\/strong> \u2013 eine der \u00e4ltesten bekannten Siedlungen Europas \u2013 und <strong>Kavirio<\/strong>, ein geheimnisvolles Heiligtum, das den Kabiren-G\u00f6ttern gewidmet ist, erkunden.<\/p><p>Myrina, die charmante Hauptstadt der Insel, beherbergt <strong>die gr\u00f6\u00dfte Festung der \u00c4g\u00e4is<\/strong>, von der sich ein atemberaubender Panoramablick auf das Meer und die darunterliegende Stadt bietet. Beim Spaziergang durch die gepflasterten Gassen findet man <strong>traditionelle Steinh\u00e4user, lebhafte Caf\u00e9s am Wasser und Boutiquen<\/strong>, die handgefertigtes Kunsthandwerk und lokale Spezialit\u00e4ten anbieten.<\/p>\t\t\t\t\t\t\t\t<\/div>\n\t\t\t\t<\/div>\n\t\t\t\t<\/div>\n\t\t<div class=\"elementor-element elementor-element-4d1f345 e-con-full elementor-hidden-tablet elementor-hidden-mobile e-flex e-con e-child\" data-id=\"4d1f345\" data-element_type=\"container\" data-e-type=\"container\">\n\t\t\t\t<\/div>\n\t\t<div class=\"elementor-element elementor-element-61f01df e-con-full e-flex e-con e-child\" data-id=\"61f01df\" data-element_type=\"container\" data-e-type=\"container\">\n\t\t\t\t<div class=\"elementor-element elementor-element-055164e animated-slow elementor-invisible elementor-widget elementor-widget-image\" data-id=\"055164e\" data-element_type=\"widget\" data-e-type=\"widget\" data-settings=\"{&quot;_animation&quot;:&quot;fadeIn&quot;,&quot;_animation_delay&quot;:400}\" data-widget_type=\"image.default\">\n\t\t\t\t<div class=\"elementor-widget-container\">\n\t\t\t\t\t\t\t\t\t\t\t\t\t\t\t<img decoding=\"async\" width=\"740\" height=\"500\" src=\"https:\/\/castleviewapartments.gr\/wp-content\/uploads\/2025\/04\/cva-lemnos-08.jpg\" class=\"attachment-full size-full wp-image-18025\" alt=\"\" srcset=\"https:\/\/castleviewapartments.gr\/wp-content\/uploads\/2025\/04\/cva-lemnos-08.jpg 740w, https:\/\/castleviewapartments.gr\/wp-content\/uploads\/2025\/04\/cva-lemnos-08-768x518.jpg 768w\" sizes=\"(max-width: 740px) 100vw, 740px\" \/>\t\t\t\t\t\t\t\t\t\t\t\t\t\t\t<\/div>\n\t\t\t\t<\/div>\n\t\t\t\t<\/div>\n\t\t\t\t\t<\/div>\n\t\t\t\t<\/div>\n\t\t<div class=\"elementor-element elementor-element-f5680ed e-flex e-con-boxed e-con e-parent\" data-id=\"f5680ed\" data-element_type=\"container\" data-e-type=\"container\">\n\t\t\t\t\t<div class=\"e-con-inner\">\n\t\t\t\t<div class=\"elementor-element elementor-element-d177b1d elementor-widget-divider--view-line elementor-widget elementor-widget-divider\" data-id=\"d177b1d\" data-element_type=\"widget\" data-e-type=\"widget\" data-widget_type=\"divider.default\">\n\t\t\t\t<div class=\"elementor-widget-container\">\n\t\t\t\t\t\t\t<div class=\"elementor-divider\">\n\t\t\t<span class=\"elementor-divider-separator\">\n\t\t\t\t\t\t<\/span>\n\t\t<\/div>\n\t\t\t\t\t\t<\/div>\n\t\t\t\t<\/div>\n\t\t\t\t\t<\/div>\n\t\t\t\t<\/div>\n\t\t<div class=\"elementor-element elementor-element-9472408 e-flex e-con-boxed e-con e-parent\" data-id=\"9472408\" data-element_type=\"container\" data-e-type=\"container\">\n\t\t\t\t\t<div class=\"e-con-inner\">\n\t\t<div class=\"elementor-element elementor-element-f5440d6 e-con-full animated-slow e-flex elementor-invisible e-con e-child\" data-id=\"f5440d6\" data-element_type=\"container\" data-e-type=\"container\" data-settings=\"{&quot;animation&quot;:&quot;fadeIn&quot;,&quot;background_background&quot;:&quot;classic&quot;}\">\n\t\t\t\t<div class=\"elementor-element elementor-element-627e414 animated-slow elementor-invisible elementor-widget elementor-widget-image\" data-id=\"627e414\" data-element_type=\"widget\" data-e-type=\"widget\" data-settings=\"{&quot;_animation&quot;:&quot;fadeIn&quot;,&quot;_animation_delay&quot;:400}\" data-widget_type=\"image.default\">\n\t\t\t\t<div class=\"elementor-widget-container\">\n\t\t\t\t\t\t\t\t\t\t\t\t\t\t\t<img decoding=\"async\" width=\"740\" height=\"500\" src=\"https:\/\/castleviewapartments.gr\/wp-content\/uploads\/2025\/04\/cva-lemnos-09.jpg\" class=\"attachment-full size-full wp-image-18027\" alt=\"\" srcset=\"https:\/\/castleviewapartments.gr\/wp-content\/uploads\/2025\/04\/cva-lemnos-09.jpg 740w, https:\/\/castleviewapartments.gr\/wp-content\/uploads\/2025\/04\/cva-lemnos-09-768x518.jpg 768w\" sizes=\"(max-width: 740px) 100vw, 740px\" \/>\t\t\t\t\t\t\t\t\t\t\t\t\t\t\t<\/div>\n\t\t\t\t<\/div>\n\t\t\t\t<\/div>\n\t\t<div class=\"elementor-element elementor-element-b804448 e-con-full elementor-hidden-tablet elementor-hidden-mobile e-flex e-con e-child\" data-id=\"b804448\" data-element_type=\"container\" data-e-type=\"container\">\n\t\t\t\t<\/div>\n\t\t<div class=\"elementor-element elementor-element-baceb21 e-con-full animated-slow e-flex elementor-invisible e-con e-child\" data-id=\"baceb21\" data-element_type=\"container\" data-e-type=\"container\" data-settings=\"{&quot;animation&quot;:&quot;fadeIn&quot;,&quot;animation_delay&quot;:100}\">\n\t\t\t\t<div class=\"elementor-element elementor-element-ab178d5 animated-slow elementor-invisible elementor-widget elementor-widget-heading\" data-id=\"ab178d5\" data-element_type=\"widget\" data-e-type=\"widget\" data-settings=\"{&quot;_animation&quot;:&quot;fadeIn&quot;,&quot;_animation_delay&quot;:100}\" data-widget_type=\"heading.default\">\n\t\t\t\t<div class=\"elementor-widget-container\">\n\t\t\t\t\t<h2 class=\"elementor-heading-title elementor-size-default\">Atemberaubende Natur &amp; Str\u00e4nde<\/h2>\t\t\t\t<\/div>\n\t\t\t\t<\/div>\n\t\t\t\t<div class=\"elementor-element elementor-element-79e340d animated-slow elementor-invisible elementor-widget elementor-widget-heading\" data-id=\"79e340d\" data-element_type=\"widget\" data-e-type=\"widget\" data-settings=\"{&quot;_animation&quot;:&quot;fadeIn&quot;,&quot;_animation_delay&quot;:200}\" data-widget_type=\"heading.default\">\n\t\t\t\t<div class=\"elementor-widget-container\">\n\t\t\t\t\t<div class=\"elementor-heading-title elementor-size-default\">Goldene Str\u00e4nde, kristallklares Wasser und pure Ruhe<\/div>\t\t\t\t<\/div>\n\t\t\t\t<\/div>\n\t\t\t\t<div class=\"elementor-element elementor-element-bd39f8d animated-slow elementor-invisible elementor-widget elementor-widget-text-editor\" data-id=\"bd39f8d\" data-element_type=\"widget\" data-e-type=\"widget\" data-settings=\"{&quot;_animation&quot;:&quot;fadeIn&quot;,&quot;_animation_delay&quot;:300}\" data-widget_type=\"text-editor.default\">\n\t\t\t\t<div class=\"elementor-widget-container\">\n\t\t\t\t\t\t\t\t\t<p>Lemnos ist bekannt f\u00fcr seine vielf\u00e4ltigen und <strong>unber\u00fchrten Naturlandschaften<\/strong>. Von den <strong>rollenden Sandd\u00fcnen in Gomati<\/strong> bis zu den einzigartigen <strong>Salzseen von Alyki<\/strong>, wo sich Flamingos versammeln, ist die Szenerie der Insel wirklich faszinierend.<\/p><p>Mit \u00fcber <strong>100 Str\u00e4nden<\/strong> bietet Lemnos alles \u2013 von <strong>goldenen Sandstr\u00e4nden<\/strong> bis zu <strong>versteckten Buchten mit kristallklarem Wasser<\/strong>. Zu den bekanntesten Str\u00e4nden geh\u00f6ren:<\/p><ul><li><strong>Keros Beach<\/strong> \u2013 Ein Paradies f\u00fcr Windsurf- und Kitesurf-Fans.<\/li><li><strong>Thanos Beach<\/strong> \u2013 Ber\u00fchmt f\u00fcr sein <strong>t\u00fcrkisfarbenes Wasser und lebhafte Strandbars<\/strong>.<\/li><li><strong>Plati Beach<\/strong> \u2013 Ein familienfreundlicher Ort mit flachem Wasser und weichem Sand.<\/li><li><strong>Evgatis Beach<\/strong> \u2013 Perfekt f\u00fcr alle, die Ruhe und Abgeschiedenheit suchen.<\/li><\/ul>\t\t\t\t\t\t\t\t<\/div>\n\t\t\t\t<\/div>\n\t\t\t\t<\/div>\n\t\t\t\t\t<\/div>\n\t\t\t\t<\/div>\n\t\t<div class=\"elementor-element elementor-element-f658457 e-flex e-con-boxed e-con e-parent\" data-id=\"f658457\" data-element_type=\"container\" data-e-type=\"container\">\n\t\t\t\t\t<div class=\"e-con-inner\">\n\t\t\t\t<div class=\"elementor-element elementor-element-87f509f elementor-arrows-position-inside elementor-widget elementor-widget-image-carousel\" data-id=\"87f509f\" data-element_type=\"widget\" data-e-type=\"widget\" data-settings=\"{&quot;navigation&quot;:&quot;arrows&quot;,&quot;autoplay&quot;:&quot;yes&quot;,&quot;pause_on_hover&quot;:&quot;yes&quot;,&quot;pause_on_interaction&quot;:&quot;yes&quot;,&quot;autoplay_speed&quot;:5000,&quot;infinite&quot;:&quot;yes&quot;,&quot;speed&quot;:500}\" data-widget_type=\"image-carousel.default\">\n\t\t\t\t<div class=\"elementor-widget-container\">\n\t\t\t\t\t\t\t<div class=\"elementor-image-carousel-wrapper swiper\" role=\"region\" aria-roledescription=\"carousel\" aria-label=\"Image Carousel\" dir=\"ltr\">\n\t\t\t<div class=\"elementor-image-carousel swiper-wrapper\" aria-live=\"off\">\n\t\t\t\t\t\t\t\t<div class=\"swiper-slide\" role=\"group\" aria-roledescription=\"slide\" aria-label=\"1 von 13\"><figure class=\"swiper-slide-inner\"><img decoding=\"async\" class=\"swiper-slide-image\" src=\"https:\/\/castleviewapartments.gr\/wp-content\/uploads\/2025\/04\/cva-lemnos-01.jpg\" alt=\"cva-lemnos-01\" \/><\/figure><\/div><div class=\"swiper-slide\" role=\"group\" aria-roledescription=\"slide\" aria-label=\"2 von 13\"><figure class=\"swiper-slide-inner\"><img decoding=\"async\" class=\"swiper-slide-image\" src=\"https:\/\/castleviewapartments.gr\/wp-content\/uploads\/2025\/04\/cva-lemnos-02.jpg\" alt=\"cva-lemnos-02\" \/><\/figure><\/div><div class=\"swiper-slide\" role=\"group\" aria-roledescription=\"slide\" aria-label=\"3 von 13\"><figure class=\"swiper-slide-inner\"><img decoding=\"async\" class=\"swiper-slide-image\" src=\"https:\/\/castleviewapartments.gr\/wp-content\/uploads\/2025\/04\/cva-lemnos-03.jpg\" alt=\"cva-lemnos-03\" \/><\/figure><\/div><div class=\"swiper-slide\" role=\"group\" aria-roledescription=\"slide\" aria-label=\"4 von 13\"><figure class=\"swiper-slide-inner\"><img decoding=\"async\" class=\"swiper-slide-image\" src=\"https:\/\/castleviewapartments.gr\/wp-content\/uploads\/2025\/04\/cva-lemnos-04.jpg\" alt=\"cva-lemnos-04\" \/><\/figure><\/div><div class=\"swiper-slide\" role=\"group\" aria-roledescription=\"slide\" aria-label=\"5 von 13\"><figure class=\"swiper-slide-inner\"><img decoding=\"async\" class=\"swiper-slide-image\" src=\"https:\/\/castleviewapartments.gr\/wp-content\/uploads\/2025\/04\/cva-lemnos-05.jpg\" alt=\"cva-lemnos-05\" \/><\/figure><\/div><div class=\"swiper-slide\" role=\"group\" aria-roledescription=\"slide\" aria-label=\"6 von 13\"><figure class=\"swiper-slide-inner\"><img decoding=\"async\" class=\"swiper-slide-image\" src=\"https:\/\/castleviewapartments.gr\/wp-content\/uploads\/2025\/04\/cva-lemnos-06.jpg\" alt=\"cva-lemnos-06\" \/><\/figure><\/div><div class=\"swiper-slide\" role=\"group\" aria-roledescription=\"slide\" aria-label=\"7 von 13\"><figure class=\"swiper-slide-inner\"><img decoding=\"async\" class=\"swiper-slide-image\" src=\"https:\/\/castleviewapartments.gr\/wp-content\/uploads\/2025\/04\/cva-lemnos-07.jpg\" alt=\"cva-lemnos-07\" \/><\/figure><\/div><div class=\"swiper-slide\" role=\"group\" aria-roledescription=\"slide\" aria-label=\"8 von 13\"><figure class=\"swiper-slide-inner\"><img decoding=\"async\" class=\"swiper-slide-image\" src=\"https:\/\/castleviewapartments.gr\/wp-content\/uploads\/2025\/04\/cva-lemnos-08.jpg\" alt=\"cva-lemnos-08\" \/><\/figure><\/div><div class=\"swiper-slide\" role=\"group\" aria-roledescription=\"slide\" aria-label=\"9 von 13\"><figure class=\"swiper-slide-inner\"><img decoding=\"async\" class=\"swiper-slide-image\" src=\"https:\/\/castleviewapartments.gr\/wp-content\/uploads\/2025\/04\/cva-lemnos-09.jpg\" alt=\"cva-lemnos-09\" \/><\/figure><\/div><div class=\"swiper-slide\" role=\"group\" aria-roledescription=\"slide\" aria-label=\"10 von 13\"><figure class=\"swiper-slide-inner\"><img decoding=\"async\" class=\"swiper-slide-image\" src=\"https:\/\/castleviewapartments.gr\/wp-content\/uploads\/2025\/04\/cva-lemnos-10.jpg\" alt=\"cva-lemnos-10\" \/><\/figure><\/div><div class=\"swiper-slide\" role=\"group\" aria-roledescription=\"slide\" aria-label=\"11 von 13\"><figure class=\"swiper-slide-inner\"><img decoding=\"async\" class=\"swiper-slide-image\" src=\"https:\/\/castleviewapartments.gr\/wp-content\/uploads\/2025\/04\/cva-lemnos-11.jpg\" alt=\"cva-lemnos-11\" \/><\/figure><\/div><div class=\"swiper-slide\" role=\"group\" aria-roledescription=\"slide\" aria-label=\"12 von 13\"><figure class=\"swiper-slide-inner\"><img decoding=\"async\" class=\"swiper-slide-image\" src=\"https:\/\/castleviewapartments.gr\/wp-content\/uploads\/2025\/04\/cva-lemnos-12.jpg\" alt=\"cva-lemnos-12\" \/><\/figure><\/div><div class=\"swiper-slide\" role=\"group\" aria-roledescription=\"slide\" aria-label=\"13 von 13\"><figure class=\"swiper-slide-inner\"><img decoding=\"async\" class=\"swiper-slide-image\" src=\"https:\/\/castleviewapartments.gr\/wp-content\/uploads\/2025\/04\/cva-lemnos-13.jpg\" alt=\"cva-lemnos-13\" \/><\/figure><\/div>\t\t\t<\/div>\n\t\t\t\t\t\t\t\t\t\t\t\t<div class=\"elementor-swiper-button elementor-swiper-button-prev\" role=\"button\" tabindex=\"0\">\n\t\t\t\t\t\t<svg aria-hidden=\"true\" class=\"e-font-icon-svg e-eicon-chevron-left\" viewBox=\"0 0 1000 1000\" xmlns=\"http:\/\/www.w3.org\/2000\/svg\"><path d=\"M646 125C629 125 613 133 604 142L308 442C296 454 292 471 292 487 292 504 296 521 308 533L604 854C617 867 629 875 646 875 663 875 679 871 692 858 704 846 713 829 713 812 713 796 708 779 692 767L438 487 692 225C700 217 708 204 708 187 708 171 704 154 692 142 675 129 663 125 646 125Z\"><\/path><\/svg>\t\t\t\t\t<\/div>\n\t\t\t\t\t<div class=\"elementor-swiper-button elementor-swiper-button-next\" role=\"button\" tabindex=\"0\">\n\t\t\t\t\t\t<svg aria-hidden=\"true\" class=\"e-font-icon-svg e-eicon-chevron-right\" viewBox=\"0 0 1000 1000\" xmlns=\"http:\/\/www.w3.org\/2000\/svg\"><path d=\"M696 533C708 521 713 504 713 487 713 471 708 454 696 446L400 146C388 133 375 125 354 125 338 125 325 129 313 142 300 154 292 171 292 187 292 204 296 221 308 233L563 492 304 771C292 783 288 800 288 817 288 833 296 850 308 863 321 871 338 875 354 875 371 875 388 867 400 854L696 533Z\"><\/path><\/svg>\t\t\t\t\t<\/div>\n\t\t\t\t\n\t\t\t\t\t\t\t\t\t<\/div>\n\t\t\t\t\t\t<\/div>\n\t\t\t\t<\/div>\n\t\t\t\t\t<\/div>\n\t\t\t\t<\/div>\n\t\t\t\t<\/div>\n\t\t","protected":false},"excerpt":{"rendered":"<p>Entdecken Sie Lemnos Ein unber\u00fchrter Zufluchtsort in der \u00c4g\u00e4is voller Geschichte, Sch\u00f6nheit und Ruhe Lemnos, ein verstecktes Juwel in der \u00c4g\u00e4is Ein mediterranes Paradies erwartet Sie Lemnos l\u00e4dt Sie ein, seine atemberaubenden Landschaften, reiche Geschichte und herzliche Gastfreundschaft zu erleben. Bekannt f\u00fcr seine goldenen Str\u00e4nde, malerischen D\u00f6rfer und antiken St\u00e4tten, bietet die Insel eine perfekte [&hellip;]<\/p>\n","protected":false},"author":1,"featured_media":0,"parent":0,"menu_order":0,"comment_status":"closed","ping_status":"closed","template":"template-blank.php","meta":{"footnotes":""},"class_list":["post-18186","page","type-page","status-publish","has-post-thumbnail","hentry"],"_links":{"self":[{"href":"https:\/\/castleviewapartments.gr\/de\/wp-json\/wp\/v2\/pages\/18186","targetHints":{"allow":["GET"]}}],"collection":[{"href":"https:\/\/castleviewapartments.gr\/de\/wp-json\/wp\/v2\/pages"}],"about":[{"href":"https:\/\/castleviewapartments.gr\/de\/wp-json\/wp\/v2\/types\/page"}],"author":[{"embeddable":true,"href":"https:\/\/castleviewapartments.gr\/de\/wp-json\/wp\/v2\/users\/1"}],"replies":[{"embeddable":true,"href":"https:\/\/castleviewapartments.gr\/de\/wp-json\/wp\/v2\/comments?post=18186"}],"version-history":[{"count":0,"href":"https:\/\/castleviewapartments.gr\/de\/wp-json\/wp\/v2\/pages\/18186\/revisions"}],"wp:attachment":[{"href":"https:\/\/castleviewapartments.gr\/de\/wp-json\/wp\/v2\/media?parent=18186"}],"curies":[{"name":"wp","href":"https:\/\/api.w.org\/{rel}","templated":true}]}}