{"id":18182,"date":"2025-05-05T10:12:57","date_gmt":"2025-05-05T07:12:57","guid":{"rendered":"https:\/\/castleviewapartments.gr\/terms-conditions\/"},"modified":"2026-04-13T22:06:16","modified_gmt":"2026-04-13T19:06:16","slug":"terms-conditions","status":"publish","type":"page","link":"https:\/\/castleviewapartments.gr\/de\/terms-conditions\/","title":{"rendered":"Buchungsbedingungen"},"content":{"rendered":"<p style=\"font-size: 15px; line-height: 1.6;\"><strong>Mit Abschluss Ihrer Buchung bei CastleViewApartments stimmen Sie den folgenden Bedingungen zu:<\/strong><\/p>\n<h4 style=\"margin-top: 25px;\">1. <strong>Buchungsrichtlinien<\/strong><\/h4>\n<ul style=\"line-height: 1.6;\">\n<li><strong>Best\u00e4tigung:<\/strong> Ihre Buchung ist best\u00e4tigt, sobald Sie eine Best\u00e4tigungs-E-Mail erhalten.<\/li>\n<li><strong>Check-in \/ Check-out:<\/strong> Check-in um <strong>12:00 Uhr<\/strong>, Check-out um <strong>12:00 Uhr<\/strong>. Fr\u00fcher Check-in und sp\u00e4ter Check-out sind abh\u00e4ngig von der Verf\u00fcgbarkeit.<\/li>\n<\/ul>\n<h4 style=\"margin-top: 25px;\">2. <strong>Zahlungsbedingungen<\/strong><\/h4>\n<ul style=\"line-height: 1.6;\">\n<li><strong>Zahlungsmethoden:<\/strong> Zahlung per <strong>Bank\u00fcberweisung<\/strong>. Bitte geben Sie Ihre <strong>Buchungsnummer<\/strong> als Verwendungszweck an.<\/li>\n<li><strong>Vollst\u00e4ndige Zahlung:<\/strong> Die vollst\u00e4ndige Zahlung ist erforderlich, um die Buchung zu sichern.<\/li>\n<\/ul>\n<table style=\"margin: 25px 0;\" width=\"100%\" cellspacing=\"0\" cellpadding=\"0\">\n<tbody>\n<tr>\n<td align=\"center\">\n<table style=\"max-width: 620px; background: #f4efed; border: 1px solid #e6dfdc; border-radius: 6px; padding: 20px;\" width=\"100%\">\n<tbody>\n<tr>\n<td style=\"padding-bottom: 12px;\" colspan=\"2\"><strong>Bankverbindung<\/strong><\/td>\n<\/tr>\n<tr>\n<td style=\"padding: 8px 10px; color: #666;\" width=\"40%\"><strong>Bank<\/strong><\/td>\n<td style=\"padding: 8px 10px;\"><strong>EUROBANK S.A.<\/strong><\/td>\n<\/tr>\n<tr>\n<td style=\"padding: 8px 10px; color: #666;\"><strong>Kontoinhaber<\/strong><\/td>\n<td style=\"padding: 8px 10px;\">Ioannis Giamarelos MON. IKE<\/td>\n<\/tr>\n<tr>\n<td style=\"padding: 8px 10px; color: #666;\"><strong>IBAN<\/strong><\/td>\n<td style=\"padding: 8px 10px;\"><strong style=\"color: #1db59a;\">GR06 0260 3960 0000 0902 0055 2747<\/strong><\/td>\n<\/tr>\n<tr>\n<td style=\"text-align: center; padding: 15px 0; color: #888;\" colspan=\"2\"><strong>oder<\/strong><\/td>\n<\/tr>\n<tr>\n<td style=\"padding: 8px 10px; color: #666;\"><strong>Bank<\/strong><\/td>\n<td style=\"padding: 8px 10px;\"><strong>ALPHA BANK SA<\/strong><\/td>\n<\/tr>\n<tr>\n<td style=\"padding: 8px 10px; color: #666;\"><strong>Kontoinhaber<\/strong><\/td>\n<td style=\"padding: 8px 10px;\">Ioannis Giamarelos MON. IKE<\/td>\n<\/tr>\n<tr>\n<td style=\"padding: 8px 10px; color: #666;\"><strong>IBAN<\/strong><\/td>\n<td style=\"padding: 8px 10px;\"><strong style=\"color: #1db59a;\">GR12 0140 7950 7950 2002 0010 425<\/strong><\/td>\n<\/tr>\n<\/tbody>\n<\/table>\n<\/td>\n<\/tr>\n<\/tbody>\n<\/table>\n<p>Nach der \u00dcberweisung senden Sie bitte die Best\u00e4tigung an <a style=\"color: #1db59a;\" href=\"mailto:info@castleviewapartments.gr\"> <strong>info@castleviewapartments.gr<\/strong> <\/a>.<\/p>\n<h4 style=\"margin-top: 25px;\">3. <strong>Stornierungs- und R\u00fcckerstattungsrichtlinien<\/strong><\/h4>\n<ul style=\"line-height: 1.6;\">\n<li><strong>Kostenlose Stornierung:<\/strong> Bis <strong>14 Tage<\/strong> vor Anreise.<\/li>\n<li><strong>Sp\u00e4te Stornierung:<\/strong> 50% Geb\u00fchr.<\/li>\n<li><strong>No-Show:<\/strong> 100% des Gesamtbetrags.<\/li>\n<li><strong>R\u00fcckerstattung:<\/strong> Innerhalb von <strong>7\u201310 Werktagen<\/strong>.<\/li>\n<\/ul>\n<h4 style=\"margin-top: 25px;\">4. <strong>\u00c4nderungen der Buchung<\/strong><\/h4>\n<ul style=\"line-height: 1.6;\">\n<li><strong>Preis\u00e4nderungen:<\/strong> Differenzen werden berechnet oder erstattet.<\/li>\n<li><strong>\u00c4nderungen:<\/strong> Abh\u00e4ngig von Verf\u00fcgbarkeit.<\/li>\n<\/ul>\n<h4 style=\"margin-top: 25px;\">5. <strong>Haftung<\/strong><\/h4>\n<ul style=\"line-height: 1.6;\">\n<li><strong>Pers\u00f6nliche Gegenst\u00e4nde:<\/strong> Keine Haftung f\u00fcr Verlust oder Sch\u00e4den.<\/li>\n<li><strong>Sch\u00e4den:<\/strong> G\u00e4ste haften f\u00fcr verursachte Sch\u00e4den.<\/li>\n<\/ul>\n<h4 style=\"margin-top: 25px;\">6. <strong>Hausregeln<\/strong><\/h4>\n<ul style=\"line-height: 1.6;\">\n<li><strong>Belegung:<\/strong> Maximal 3, 4 oder 5 Personen.<\/li>\n<li><strong>Ruhezeiten:<\/strong> 15:00 \u2013 17:00 Uhr.<\/li>\n<li><strong>Rauchen:<\/strong> Nicht erlaubt.<\/li>\n<li><strong>Haustiere:<\/strong> Nicht erlaubt.<\/li>\n<li><strong>Verhalten:<\/strong> Respektvolles Verhalten ist erforderlich.<\/li>\n<\/ul>\n<h3 style=\"margin-top: 35px;\">Brauchen Sie Hilfe?<\/h3>\n<p>Kontaktieren Sie uns bei Fragen:<\/p>\n<p><strong>E-Mail:<\/strong> <a style=\"color: #1db59a;\" href=\"mailto:info@castleviewapartments.gr\">info@castleviewapartments.gr<\/a><br \/><strong>Telefon:<\/strong> <a style=\"color: #1db59a;\" href=\"tel:+302254022447\">(+30) 22540-22447<\/a><\/p>\n\n\n<p><\/p>\n","protected":false},"excerpt":{"rendered":"<p>Mit Abschluss Ihrer Buchung bei CastleViewApartments stimmen Sie den folgenden Bedingungen zu: 1. Buchungsrichtlinien Best\u00e4tigung: Ihre Buchung ist best\u00e4tigt, sobald Sie eine Best\u00e4tigungs-E-Mail erhalten. Check-in \/ Check-out: Check-in um 12:00 Uhr, Check-out um 12:00 Uhr. Fr\u00fcher Check-in und sp\u00e4ter Check-out sind abh\u00e4ngig von der Verf\u00fcgbarkeit. 2. Zahlungsbedingungen Zahlungsmethoden: Zahlung per Bank\u00fcberweisung. Bitte geben Sie Ihre [&hellip;]<\/p>\n","protected":false},"author":1,"featured_media":18039,"parent":0,"menu_order":0,"comment_status":"closed","ping_status":"closed","template":"","meta":{"footnotes":""},"class_list":["post-18182","page","type-page","status-publish","has-post-thumbnail","hentry"],"_links":{"self":[{"href":"https:\/\/castleviewapartments.gr\/de\/wp-json\/wp\/v2\/pages\/18182","targetHints":{"allow":["GET"]}}],"collection":[{"href":"https:\/\/castleviewapartments.gr\/de\/wp-json\/wp\/v2\/pages"}],"about":[{"href":"https:\/\/castleviewapartments.gr\/de\/wp-json\/wp\/v2\/types\/page"}],"author":[{"embeddable":true,"href":"https:\/\/castleviewapartments.gr\/de\/wp-json\/wp\/v2\/users\/1"}],"replies":[{"embeddable":true,"href":"https:\/\/castleviewapartments.gr\/de\/wp-json\/wp\/v2\/comments?post=18182"}],"version-history":[{"count":10,"href":"https:\/\/castleviewapartments.gr\/de\/wp-json\/wp\/v2\/pages\/18182\/revisions"}],"predecessor-version":[{"id":18999,"href":"https:\/\/castleviewapartments.gr\/de\/wp-json\/wp\/v2\/pages\/18182\/revisions\/18999"}],"wp:featuredmedia":[{"embeddable":true,"href":"https:\/\/castleviewapartments.gr\/de\/wp-json\/wp\/v2\/media\/18039"}],"wp:attachment":[{"href":"https:\/\/castleviewapartments.gr\/de\/wp-json\/wp\/v2\/media?parent=18182"}],"curies":[{"name":"wp","href":"https:\/\/api.w.org\/{rel}","templated":true}]}}